{"id":771,"date":"2017-12-17T18:51:53","date_gmt":"2017-12-17T17:51:53","guid":{"rendered":"https:\/\/www.tapdance.tv\/join-us\/"},"modified":"2018-01-06T17:50:06","modified_gmt":"2018-01-06T16:50:06","slug":"join-us","status":"publish","type":"page","link":"https:\/\/www.tapdance.tv\/cs\/","title":{"rendered":"Join us"},"content":{"rendered":"<p>[vc_row full_width=&#8221;stretch_row_content_no_spaces&#8221; css_animation=&#8221;fadeIn&#8221;][vc_column][vc_single_image image=&#8221;858&#8243; img_size=&#8221;full&#8221; alignment=&#8221;center&#8221;][\/vc_column][\/vc_row][vc_row full_width=&#8221;stretch_row_content_no_spaces&#8221; animate=&#8221;fadeIn&#8221; css=&#8221;.vc_custom_1513527126973{background-position: center !important;background-repeat: no-repeat !important;background-size: cover !important;}&#8221;][vc_column width=&#8221;1\/4&#8243; css=&#8221;.vc_custom_1513527076140{background-position: center !important;background-repeat: no-repeat !important;background-size: cover !important;}&#8221;][\/vc_column][vc_column width=&#8221;1\/4&#8243;][\/vc_column][vc_column width=&#8221;1\/4&#8243;][\/vc_column][vc_column css_animation=&#8221;fadeIn&#8221; width=&#8221;1\/4&#8243;][vc_column_text]\n<div class=\"wpml-ls-statics-shortcode_actions wpml-ls wpml-ls-legacy-list-horizontal\">\n\t<ul><li class=\"wpml-ls-slot-shortcode_actions wpml-ls-item wpml-ls-item-en wpml-ls-first-item wpml-ls-item-legacy-list-horizontal\">\n\t\t\t\t<a href=\"https:\/\/www.tapdance.tv\" class=\"wpml-ls-link\"><img decoding=\"async\" class=\"wpml-ls-flag\" src=\"https:\/\/www.tapdance.tv\/wp-content\/plugins\/sitepress-multilingual-cms\/res\/flags\/en.png\" alt=\"en\" title=\"English\"><\/a>\n\t\t\t<\/li><li class=\"wpml-ls-slot-shortcode_actions wpml-ls-item wpml-ls-item-cs wpml-ls-current-language wpml-ls-last-item wpml-ls-item-legacy-list-horizontal\">\n\t\t\t\t<a href=\"https:\/\/www.tapdance.tv\/cs\/\" class=\"wpml-ls-link\"><img decoding=\"async\" class=\"wpml-ls-flag\" src=\"https:\/\/www.tapdance.tv\/wp-content\/plugins\/sitepress-multilingual-cms\/res\/flags\/cs.png\" alt=\"cs\" title=\"\u010ce\u0161tina\"><\/a>\n\t\t\t<\/li><\/ul>\n<\/div>[\/vc_column_text][\/vc_column][\/vc_row][vc_row content_placement=&#8221;middle&#8221; css_animation=&#8221;fadeIn&#8221; css=&#8221;.vc_custom_1514667139615{padding-bottom: 35px !important;border-radius: 2px !important;}&#8221;][vc_column css_animation=&#8221;fadeIn&#8221; css=&#8221;.vc_custom_1514665955191{padding-bottom: 35px !important;background-color: #ffffff !important;}&#8221;][vc_column_text css_animation=&#8221;none&#8221;]<\/p>\n<h1><img loading=\"lazy\" decoding=\"async\" class=\"alignleft wp-image-842\" src=\"https:\/\/www.tapdance.tv\/wp-content\/uploads\/2017\/12\/I-love-rhythm-tap-dance-300x300.png\" alt=\"I love rhythm tap dance when you let your feet to tell the story\" width=\"380\" height=\"380\" srcset=\"https:\/\/www.tapdance.tv\/wp-content\/uploads\/2017\/12\/I-love-rhythm-tap-dance-300x300.png 300w, https:\/\/www.tapdance.tv\/wp-content\/uploads\/2017\/12\/I-love-rhythm-tap-dance-150x150.png 150w, https:\/\/www.tapdance.tv\/wp-content\/uploads\/2017\/12\/I-love-rhythm-tap-dance-768x768.png 768w, https:\/\/www.tapdance.tv\/wp-content\/uploads\/2017\/12\/I-love-rhythm-tap-dance.png 800w\" sizes=\"auto, (max-width: 380px) 100vw, 380px\" \/>PRO\u010c VZNIKLA RO\u010cN\u00cd STEPA\u0158SK\u00c1 V\u00ddZVA?<\/h1>\n<p>Jedna z m\u00fdch studentek mi kdysi \u0159ekla:<\/p>\n<p><em>\u201cKdy\u017e u\u017e v pr\u00e1ci nem\u016f\u017eu, pust\u00edm si tvoje video a chv\u00edli stepuji. Poka\u017ed\u00e9 mi to neuv\u011b\u0159iteln\u011b pom\u016f\u017ee. Odpo\u010dat\u00e1 se pak op\u011bt vrac\u00edm k pr\u00e1ci.\u201c<\/em><\/p>\n<p>My\u0161lenka m\u011b tak zaujala, \u017ee jsem ji za\u010dala vypr\u00e1v\u011bt ostatn\u00edm student\u016fm a p\u0159ekvapiv\u011b zjistila, \u017ee mnoho z\u00a0nich d\u011bl\u00e1 n\u011bco podobn\u00e9ho. Stepuj\u00ed v\u00a0pr\u00e1ci b\u011bhem p\u0159est\u00e1vek na k\u00e1vu, kdy\u017e kop\u00edruj\u00ed dokumenty nebo \u010dekaj\u00ed ve front\u011b. Po pr\u00e1ci s p\u0159\u00e1teli, partnery i se sv\u00fdmi d\u011btmi. Mnoho z\u00a0nich si ani nebere stepa\u0159sk\u00e9 boty a \u0159\u00edkaj\u00ed, \u017ee je pro tyto mini-tr\u00e9ninky nepot\u0159ebuj\u00ed. N\u011bkte\u0159\u00ed naopak nos\u00ed stepky cel\u00fd den, aby si mohli kdykoliv zastepovat.<\/p>\n<p>Proto jsem p\u0159i\u0161la s n\u00e1padem vytvo\u0159it Ro\u010dn\u00ed stepa\u0159skou v\u00fdzvu, abych pomohla sv\u00fdm student\u016fm s\u00a0jejich stepa\u0159sk\u00fdmi p\u0159est\u00e1vkami. A v\u0161ichni jste zv\u00e1ni, abyste se k t\u00e9to v\u00fdzv\u011b tak\u00e9 p\u0159ipojili.[\/vc_column_text][\/vc_column][\/vc_row][vc_row][vc_column][vc_empty_space][\/vc_column][\/vc_row][vc_row gap=&#8221;5&#8243; el_id=&#8221;own-container-01&#8243; css=&#8221;.vc_custom_1514667430201{padding-bottom: 35px !important;}&#8221;][vc_column css=&#8221;.vc_custom_1514668495599{background-color: #ffffff !important;}&#8221;][vc_row_inner gap=&#8221;5&#8243; css=&#8221;.vc_custom_1514662250659{padding-bottom: 35px !important;background-color: #ffffff !important;}&#8221;][vc_column_inner width=&#8221;1\/3&#8243;][vc_column_text css_animation=&#8221;none&#8221;]<\/p>\n<div class=\"textwidget\">\n<h2>PRO KOHO JE?<\/h2>\n<\/div>\n<p>Tuto v\u00fdzvu v\u011bnuji p\u0159edev\u0161\u00edm sv\u00fdm milovan\u00fdm student\u016fm, kte\u0159\u00ed jsou mou druhou rodinou a se kter\u00fdmi r\u00e1da tr\u00e1v\u00edm \u010das. V\u00fdzva je tak\u00e9 pro v\u0161echny, kte\u0159\u00ed maj\u00ed r\u00e1di step a cht\u011bj\u00ed se p\u0159ipojit k na\u0161im mini-p\u0159est\u00e1vk\u00e1m.[\/vc_column_text][\/vc_column_inner][vc_column_inner width=&#8221;1\/3&#8243;][vc_images_carousel images=&#8221;882,886,884,868,869,885&#8243; img_size=&#8221;380&#215;380&#8243; onclick=&#8221;link_no&#8221; speed=&#8221;15000&#8243; autoplay=&#8221;yes&#8221; hide_prev_next_buttons=&#8221;yes&#8221; wrap=&#8221;yes&#8221; css_animation=&#8221;none&#8221; el_class=&#8221;col-max-width overflow-hidden&#8221;][\/vc_column_inner][vc_column_inner width=&#8221;1\/3&#8243;][vc_column_text css_animation=&#8221;none&#8221;]<\/p>\n<h2>JAK FUNGUJE?<\/h2>\n<div class=\"textwidget\">\n<p>Ka\u017ed\u00fd \u010dtvrtek od 18. ledna 2018 vyberu n\u011bkolik krok\u016f ze sv\u00e9ho Stepa\u0159sk\u00e9ho den\u00edku a vytvo\u0159\u00edm z nich kr\u00e1tk\u00fd tane\u010dek, kter\u00fd v\u00e1s ve videu nau\u010d\u00edm. V\u00edm, \u017ee v\u0161ichni m\u00e1te hodn\u011b pr\u00e1ce a povinnost\u00ed, proto budou videa okolo 5 minut. Skv\u011bl\u00e9 je, \u017ee si je si m\u016f\u017eete p\u0159ehr\u00e1vat, kolikr\u00e1t chcete a stepovat kdekoliv se v\u00e1m to bude zrovna hodit.<\/p>\n<p>N\u00e1zvoslov\u00ed stepa\u0159sk\u00fdch krok\u016f je v angli\u010dtin\u011b, proto bude pro zjednodu\u0161en\u00ed p\u0159ev\u00e1\u017en\u00e1 \u010d\u00e1st vide\u00ed anglicky s\u00a0\u010desk\u00fdmi titulky.<\/p>\n<\/div>\n<p>[\/vc_column_text][\/vc_column_inner][\/vc_row_inner][\/vc_column][\/vc_row][vc_row][vc_column][vc_empty_space][\/vc_column][\/vc_row][vc_row gap=&#8221;5&#8243; css=&#8221;.vc_custom_1514667477715{padding-bottom: 35px !important;}&#8221;][vc_column css=&#8221;.vc_custom_1514668471627{background-color: #ffffff !important;}&#8221;][vc_row_inner gap=&#8221;5&#8243; css=&#8221;.vc_custom_1514662250659{padding-bottom: 35px !important;background-color: #ffffff !important;}&#8221;][vc_column_inner width=&#8221;2\/3&#8243;][vc_column_text css_animation=&#8221;none&#8221;]<\/p>\n<h2>JAK JE MO\u017dN\u00c9 SE ZAPOJIT?<\/h2>\n<p><strong>P\u0159ipojte se<\/strong> k n\u00e1m a ka\u017ed\u00fd t\u00fdden v\u00e1m emailem za\u0161leme nov\u00e9 video. Na Twitteru, Facebooku a Instagramu z\u00edsk\u00e1te dal\u0161\u00ed zaj\u00edmavosti ze z\u00e1kulis\u00ed, foto s\u00e9rie, sout\u011b\u017ee a dal\u0161\u00ed p\u0159ekvapen\u00ed.<\/p>\n<p><strong>Zapojte se<\/strong>: Budu r\u00e1da za va\u0161i zp\u011btnou vazbu, n\u00e1vrhy krok\u016f, kter\u00e9 byste cht\u011bli procvi\u010dit v\u00a0n\u011bkter\u00e9m z\u00a0dal\u0161\u00edch vide\u00ed i jak\u00e9koliv dotazy, kter\u00e9 v\u00a0souvislosti s\u00a0mini-tr\u00e9ninky m\u00e1te.<\/p>\n<p><strong>Sd\u00edlejte<\/strong>: fotky nebo videa z\u00a0va\u0161ich mini p\u0159est\u00e1vek. Moc r\u00e1da uvid\u00edm, jak a kde tr\u00e9nujete.[\/vc_column_text][\/vc_column_inner][vc_column_inner width=&#8221;1\/3&#8243;][vc_cta h2=&#8221;NOV\u00c1 VIDEA PRO \u010cLENY ZDARMA&#8221; css_animation=&#8221;none&#8221;]P\u0159ipojte se k n\u00e1m a ka\u017ed\u00fd \u010dtvrtek v\u00e1m za\u0161leme nov\u00e9 video zdarma.<br \/>\n<span style=\"font-size: 10pt;\">M\u016f\u017eete se spolehnout, \u017ee v\u00e1\u0161 email nikdy nep\u0159ed\u00e1me nikomu jin\u00e9mu.<\/span><\/p>\n<div class=\"wpcf7 no-js\" id=\"wpcf7-f1152-o1\" lang=\"en-US\" dir=\"ltr\">\n<div class=\"screen-reader-response\"><p role=\"status\" aria-live=\"polite\" aria-atomic=\"true\"><\/p> <ul><\/ul><\/div>\n<form action=\"\/cs\/wp-json\/wp\/v2\/pages\/771\/#wpcf7-f1152-o1\" method=\"post\" class=\"wpcf7-form init\" aria-label=\"Kontaktn\u00ed formul\u00e1\u0159\" novalidate=\"novalidate\" data-status=\"init\">\n<div style=\"display: none;\">\n<input type=\"hidden\" name=\"_wpcf7\" value=\"1152\" \/>\n<input type=\"hidden\" name=\"_wpcf7_version\" value=\"5.8.6\" \/>\n<input type=\"hidden\" name=\"_wpcf7_locale\" value=\"en_US\" \/>\n<input type=\"hidden\" name=\"_wpcf7_unit_tag\" value=\"wpcf7-f1152-o1\" \/>\n<input type=\"hidden\" name=\"_wpcf7_container_post\" value=\"0\" \/>\n<input type=\"hidden\" name=\"_wpcf7_posted_data_hash\" value=\"\" \/>\n<\/div>\n<p><label>E-mail<br \/>\n<span class=\"wpcf7-form-control-wrap\" data-name=\"your-email\"><input size=\"40\" class=\"wpcf7-form-control wpcf7-email wpcf7-validates-as-required wpcf7-text wpcf7-validates-as-email\" aria-required=\"true\" aria-invalid=\"false\" placeholder=\"vase-jmeno@domena.cz\" value=\"\" type=\"email\" name=\"your-email\" \/><\/span> <\/label>\n<\/p>\n<p><span class=\"wpcf7-form-control-wrap\" data-name=\"radio-934\"><span class=\"wpcf7-form-control wpcf7-radio\"><span class=\"wpcf7-list-item first\"><input type=\"radio\" name=\"radio-934\" value=\"\u010ce\u0161tina\" checked=\"checked\" \/><span class=\"wpcf7-list-item-label\">\u010ce\u0161tina<\/span><\/span><span class=\"wpcf7-list-item last\"><input type=\"radio\" name=\"radio-934\" value=\"English\" \/><span class=\"wpcf7-list-item-label\">English<\/span><\/span><\/span><\/span>\n<\/p>\n<p><input class=\"wpcf7-form-control wpcf7-submit has-spinner\" type=\"submit\" value=\"Odeslat\" \/>\n<\/p><div class=\"wpcf7-response-output\" aria-hidden=\"true\"><\/div>\n<\/form>\n<\/div>\n[\/vc_cta][\/vc_column_inner][\/vc_row_inner][\/vc_column][\/vc_row][vc_row][vc_column][vc_empty_space][\/vc_column][\/vc_row][vc_row][vc_column css=&#8221;.vc_custom_1514480810876{background-color: #ffffff !important;}&#8221;][vc_column_text css_animation=&#8221;none&#8221;]<\/p>\n<h2><img loading=\"lazy\" decoding=\"async\" class=\"alignleft wp-image-997 size-thumbnail\" src=\"https:\/\/www.tapdance.tv\/wp-content\/uploads\/2017\/12\/IMG_5289_o\u0159ez-150x150.jpg\" alt=\"Marta Aulicka - profilov\u00e1 fotografie\" width=\"150\" height=\"150\" srcset=\"https:\/\/www.tapdance.tv\/wp-content\/uploads\/2017\/12\/IMG_5289_o\u0159ez-150x150.jpg 150w, https:\/\/www.tapdance.tv\/wp-content\/uploads\/2017\/12\/IMG_5289_o\u0159ez-300x300.jpg 300w, https:\/\/www.tapdance.tv\/wp-content\/uploads\/2017\/12\/IMG_5289_o\u0159ez-768x768.jpg 768w, https:\/\/www.tapdance.tv\/wp-content\/uploads\/2017\/12\/IMG_5289_o\u0159ez.jpg 929w\" sizes=\"auto, (max-width: 150px) 100vw, 150px\" \/>O M\u00c9 STEPA\u0158SK\u00c9 V\u00c1\u0160NI<\/h2>\n<div class=\"textwidget\">\n<p>V\u00fduce stepu a choreografi\u00edm se v\u011bnuji 16let. V roce 2005 jsem v centru Prahy zalo\u017eila tane\u010dn\u00ed studio FOUR TAPS. Za\u010d\u00ednala jsem s\u00a0hrstkou student\u016f, kter\u00e9 jsem vyu\u010dovala po pr\u00e1ci.\u00a0 Po n\u011bkolika letech u\u017e jich v\u0161ak bylo tolik, \u017ee jsem se rozhodla v\u011bnovat v\u00fduce stepu a choreografi\u00edm naplno.<\/p>\n<p>V\u00a0pr\u016fb\u011bhu let jsem zjistila, koho u\u010d\u00edm nejrad\u011bji, a proto se v\u00a0sou\u010dasn\u00e9 dob\u011b specializuji na v\u00fduku dosp\u011bl\u00fdch.<\/p>\n<p>Miluji choreografie formac\u00ed. V\u011b\u0159\u00edm, \u017ee ve skupinov\u00fdch choreografi\u00edch je zvl\u00e1\u0161tn\u00ed s\u00edla a naprosto se ztoto\u017e\u0148uji s\u00a0n\u00e1zorem, \u017ee formace jsou kr\u00e1lovskou discipl\u00ednou.<br \/>\nOd mali\u010dka m\u011b neust\u00e1le napadaj\u00ed nov\u00e9 choreografie a jsem \u0161\u0165astn\u00e1, \u017ee je mohu s\u00a0m\u00fdmi studenty postupn\u011b realizovat.<\/p>\n<p>Za tu dobu, co vyu\u010duji step, jsem postupn\u011b sestavila v\u00edce ne\u017e 400 stepa\u0159sk\u00fdch kombinac\u00ed. Jako choreografka neust\u00e1le vym\u00fd\u0161l\u00edm nov\u00e9 variace a p\u0159id\u00e1v\u00e1m je do sv\u00e9ho Stepa\u0159sk\u00e9ho den\u00edku. Moc r\u00e1da se o n\u011b s\u00a0v\u00e1mi prost\u0159ednictv\u00edm mini-tr\u00e9nink\u016f pod\u011bl\u00edm.<\/p>\n<p><em>\u201eI kdy\u017e p\u0159esn\u011b netu\u0161\u00edm, kam m\u011b tato v\u00fdzva zavede, jsem p\u0159ipraven\u00e1 si ji u\u017e\u00edt a pod\u011blit se o tento kr\u00e1sn\u00fd tanec se v\u0161emi, kter\u00e9 tak\u00e9 okouzlil.<\/em><\/p>\n<p>Happy Tapping ?<\/p>\n<\/div>\n<p><a href=\"https:\/\/www.tapdance.tv\/cs\/join-us\/podpis-bez-pozadi\/\" rel=\"attachment wp-att-698\"><img loading=\"lazy\" decoding=\"async\" class=\"alignleft wp-image-698\" src=\"https:\/\/www.tapdance.tv\/wp-content\/uploads\/2017\/11\/podpis-bez-pozadi-300x161.png\" alt=\"Marta Aulick\u00e1 - podpis\" width=\"133\" height=\"72\" srcset=\"https:\/\/www.tapdance.tv\/wp-content\/uploads\/2017\/11\/podpis-bez-pozadi-300x161.png 300w, https:\/\/www.tapdance.tv\/wp-content\/uploads\/2017\/11\/podpis-bez-pozadi-768x413.png 768w, https:\/\/www.tapdance.tv\/wp-content\/uploads\/2017\/11\/podpis-bez-pozadi-1024x551.png 1024w, https:\/\/www.tapdance.tv\/wp-content\/uploads\/2017\/11\/podpis-bez-pozadi.png 1288w\" sizes=\"auto, (max-width: 133px) 100vw, 133px\" \/><\/a>[\/vc_column_text][\/vc_column][\/vc_row][vc_row][vc_column][vc_empty_space][\/vc_column][\/vc_row][vc_row][vc_column][vc_cta h2=&#8221;NOV\u00c1 VIDEA PRO \u010cLENY ZDARMA&#8221; css_animation=&#8221;none&#8221;]P\u0159ipojte se k n\u00e1m a ka\u017ed\u00fd \u010dtvrtek v\u00e1m za\u0161leme nov\u00e9 video zdarma.<br \/>\n<span style=\"font-size: 10pt;\">M\u016f\u017eete se spolehnout, \u017ee v\u00e1\u0161 email nikdy nep\u0159ed\u00e1me nikomu jin\u00e9mu.<\/span><\/p>\n<div class=\"wpcf7 no-js\" id=\"wpcf7-f1152-o2\" lang=\"en-US\" dir=\"ltr\">\n<div class=\"screen-reader-response\"><p role=\"status\" aria-live=\"polite\" aria-atomic=\"true\"><\/p> <ul><\/ul><\/div>\n<form action=\"\/cs\/wp-json\/wp\/v2\/pages\/771\/#wpcf7-f1152-o2\" method=\"post\" class=\"wpcf7-form init\" aria-label=\"Kontaktn\u00ed formul\u00e1\u0159\" novalidate=\"novalidate\" data-status=\"init\">\n<div style=\"display: none;\">\n<input type=\"hidden\" name=\"_wpcf7\" value=\"1152\" \/>\n<input type=\"hidden\" name=\"_wpcf7_version\" value=\"5.8.6\" \/>\n<input type=\"hidden\" name=\"_wpcf7_locale\" value=\"en_US\" \/>\n<input type=\"hidden\" name=\"_wpcf7_unit_tag\" value=\"wpcf7-f1152-o2\" \/>\n<input type=\"hidden\" name=\"_wpcf7_container_post\" value=\"0\" \/>\n<input type=\"hidden\" name=\"_wpcf7_posted_data_hash\" value=\"\" \/>\n<\/div>\n<p><label>E-mail<br \/>\n<span class=\"wpcf7-form-control-wrap\" data-name=\"your-email\"><input size=\"40\" class=\"wpcf7-form-control wpcf7-email wpcf7-validates-as-required wpcf7-text wpcf7-validates-as-email\" aria-required=\"true\" aria-invalid=\"false\" placeholder=\"vase-jmeno@domena.cz\" value=\"\" type=\"email\" name=\"your-email\" \/><\/span> <\/label>\n<\/p>\n<p><span class=\"wpcf7-form-control-wrap\" data-name=\"radio-934\"><span class=\"wpcf7-form-control wpcf7-radio\"><span class=\"wpcf7-list-item first\"><input type=\"radio\" name=\"radio-934\" value=\"\u010ce\u0161tina\" checked=\"checked\" \/><span class=\"wpcf7-list-item-label\">\u010ce\u0161tina<\/span><\/span><span class=\"wpcf7-list-item last\"><input type=\"radio\" name=\"radio-934\" value=\"English\" \/><span class=\"wpcf7-list-item-label\">English<\/span><\/span><\/span><\/span>\n<\/p>\n<p><input class=\"wpcf7-form-control wpcf7-submit has-spinner\" type=\"submit\" value=\"Odeslat\" \/>\n<\/p><div class=\"wpcf7-response-output\" aria-hidden=\"true\"><\/div>\n<\/form>\n<\/div>\n[\/vc_cta][\/vc_column][\/vc_row][vc_row][vc_column][vc_empty_space][\/vc_column][\/vc_row][vc_row][vc_column css_animation=&#8221;fadeIn&#8221;][vc_media_grid style=&#8221;lazy&#8221; items_per_page=&#8221;8&#8243; element_width=&#8221;3&#8243; initial_loading_animation=&#8221;none&#8221; grid_id=&#8221;vc_gid:1515256222752-90f90f4c-91c9-1&#8243; include=&#8221;1146,842,1149,868,871,876,877,1147&#8243;][\/vc_column][\/vc_row]<\/p>\n","protected":false},"excerpt":{"rendered":"<p>[vc_row full_width=&#8221;stretch_row_content_no_spaces&#8221; css_animation=&#8221;fadeIn&#8221;][vc_column][vc_single_image image=&#8221;858&#8243; img_size=&#8221;full&#8221; alignment=&#8221;center&#8221;][\/vc_column][\/vc_row][vc_row full_width=&#8221;stretch_row_content_no_spaces&#8221; animate=&#8221;fadeIn&#8221; css=&#8221;.vc_custom_1513527126973{background-position: center !important;background-repeat: no-repeat !important;background-size: cover !important;}&#8221;][vc_column width=&#8221;1\/4&#8243; css=&#8221;.vc_custom_1513527076140{background-position: center !important;background-repeat: no-repeat !important;background-size: cover !important;}&#8221;][\/vc_column][vc_column width=&#8221;1\/4&#8243;][\/vc_column][vc_column width=&#8221;1\/4&#8243;][\/vc_column][vc_column [&hellip;]<\/p>\n","protected":false},"author":2,"featured_media":0,"parent":0,"menu_order":2,"comment_status":"closed","ping_status":"closed","template":"template-home.php","meta":{"footnotes":""},"class_list":["post-771","page","type-page","status-publish","hentry"],"aioseo_notices":[],"_links":{"self":[{"href":"https:\/\/www.tapdance.tv\/cs\/wp-json\/wp\/v2\/pages\/771\/"}],"collection":[{"href":"https:\/\/www.tapdance.tv\/cs\/wp-json\/wp\/v2\/pages\/"}],"about":[{"href":"https:\/\/www.tapdance.tv\/cs\/wp-json\/wp\/v2\/types\/page\/"}],"author":[{"embeddable":true,"href":"https:\/\/www.tapdance.tv\/cs\/wp-json\/wp\/v2\/users\/2\/"}],"replies":[{"embeddable":true,"href":"https:\/\/www.tapdance.tv\/cs\/wp-json\/wp\/v2\/comments\/?post=771"}],"version-history":[{"count":208,"href":"https:\/\/www.tapdance.tv\/cs\/wp-json\/wp\/v2\/pages\/771\/revisions\/"}],"predecessor-version":[{"id":1333,"href":"https:\/\/www.tapdance.tv\/cs\/wp-json\/wp\/v2\/pages\/771\/revisions\/1333\/"}],"wp:attachment":[{"href":"https:\/\/www.tapdance.tv\/cs\/wp-json\/wp\/v2\/media\/?parent=771"}],"curies":[{"name":"wp","href":"https:\/\/api.w.org\/{rel}","templated":true}]}}